{"id":382,"date":"2021-08-24T11:23:00","date_gmt":"2021-08-24T11:23:00","guid":{"rendered":"https:\/\/logisresidence.ro\/?page_id=382"},"modified":"2023-07-13T06:04:41","modified_gmt":"2023-07-13T06:04:41","slug":"despre-logis-residence","status":"publish","type":"page","link":"https:\/\/logisresidence.ro\/en\/despre-logis-residence\/","title":{"rendered":"About"},"content":{"rendered":"<div data-elementor-type=\"wp-page\" data-elementor-id=\"382\" class=\"elementor elementor-382\" data-elementor-post-type=\"page\">\n\t\t\t\t\t\t<section class=\"elementor-section elementor-top-section elementor-element elementor-element-c50cf80 elementor-section-height-min-height elementor-section-boxed elementor-section-height-default elementor-section-items-middle\" data-id=\"c50cf80\" data-element_type=\"section\">\n\t\t\t\t\t\t<div class=\"elementor-container elementor-column-gap-default\">\n\t\t\t\t\t<div class=\"elementor-column elementor-col-50 elementor-top-column elementor-element elementor-element-9c29380\" data-id=\"9c29380\" data-element_type=\"column\">\n\t\t\t<div class=\"elementor-widget-wrap elementor-element-populated\">\n\t\t\t\t\t\t<div class=\"elementor-element elementor-element-6eabcea elementor-widget elementor-widget-heading\" data-id=\"6eabcea\" data-element_type=\"widget\" data-widget_type=\"heading.default\">\n\t\t\t\t<div class=\"elementor-widget-container\">\n\t\t\t\t\t<h2 class=\"elementor-heading-title elementor-size-default translation-block\">Our philosophy has developed organically in residential construction. <br> LOGIS Residence projects share the same values and aim to build great homes for urban people and families.<\/h2>\t\t\t\t<\/div>\n\t\t\t\t<\/div>\n\t\t\t\t\t<\/div>\n\t\t<\/div>\n\t\t\t\t<div class=\"elementor-column elementor-col-50 elementor-top-column elementor-element elementor-element-a05407f\" data-id=\"a05407f\" data-element_type=\"column\">\n\t\t\t<div class=\"elementor-widget-wrap\">\n\t\t\t\t\t\t\t<\/div>\n\t\t<\/div>\n\t\t\t\t\t<\/div>\n\t\t<\/section>\n\t\t\t\t<section class=\"elementor-section elementor-top-section elementor-element elementor-element-ca666a1 elementor-section-boxed elementor-section-height-default elementor-section-height-default\" data-id=\"ca666a1\" data-element_type=\"section\">\n\t\t\t\t\t\t<div class=\"elementor-container elementor-column-gap-default\">\n\t\t\t\t\t<div class=\"elementor-column elementor-col-33 elementor-top-column elementor-element elementor-element-a4c39df\" data-id=\"a4c39df\" data-element_type=\"column\">\n\t\t\t<div class=\"elementor-widget-wrap elementor-element-populated\">\n\t\t\t\t\t\t<div class=\"elementor-element elementor-element-809e5eb elementor-widget elementor-widget-heading\" data-id=\"809e5eb\" data-element_type=\"widget\" data-widget_type=\"heading.default\">\n\t\t\t\t<div class=\"elementor-widget-container\">\n\t\t\t\t\t<h3 class=\"elementor-heading-title elementor-size-default\">LOGIS Residence Values<\/h3>\t\t\t\t<\/div>\n\t\t\t\t<\/div>\n\t\t\t\t\t<\/div>\n\t\t<\/div>\n\t\t\t\t<div class=\"elementor-column elementor-col-33 elementor-top-column elementor-element elementor-element-097fd8c\" data-id=\"097fd8c\" data-element_type=\"column\">\n\t\t\t<div class=\"elementor-widget-wrap elementor-element-populated\">\n\t\t\t\t\t\t<div class=\"elementor-element elementor-element-eab618a elementor-widget elementor-widget-heading\" data-id=\"eab618a\" data-element_type=\"widget\" data-widget_type=\"heading.default\">\n\t\t\t\t<div class=\"elementor-widget-container\">\n\t\t\t\t\t<h3 class=\"elementor-heading-title elementor-size-default\">High-quality<\/h3>\t\t\t\t<\/div>\n\t\t\t\t<\/div>\n\t\t\t\t<div class=\"elementor-element elementor-element-33cb6d4 elementor-widget-divider--view-line elementor-widget elementor-widget-divider\" data-id=\"33cb6d4\" data-element_type=\"widget\" data-widget_type=\"divider.default\">\n\t\t\t\t<div class=\"elementor-widget-container\">\n\t\t\t\t\t\t\t<div class=\"elementor-divider\">\n\t\t\t<span class=\"elementor-divider-separator\">\n\t\t\t\t\t\t<\/span>\n\t\t<\/div>\n\t\t\t\t\t\t<\/div>\n\t\t\t\t<\/div>\n\t\t\t\t<div class=\"elementor-element elementor-element-a7717fc elementor-widget elementor-widget-text-editor\" data-id=\"a7717fc\" data-element_type=\"widget\" data-widget_type=\"text-editor.default\">\n\t\t\t\t<div class=\"elementor-widget-container\">\n\t\t\t\t\t\t\t\t\t<p>We strive for excellence and premium quality in everything we do: from the materials we use in construction to the way we keep in touch with our customers and beyond.&nbsp;<\/p>\t\t\t\t\t\t\t\t<\/div>\n\t\t\t\t<\/div>\n\t\t\t\t\t<\/div>\n\t\t<\/div>\n\t\t\t\t<div class=\"elementor-column elementor-col-33 elementor-top-column elementor-element elementor-element-d34d38f\" data-id=\"d34d38f\" data-element_type=\"column\">\n\t\t\t<div class=\"elementor-widget-wrap elementor-element-populated\">\n\t\t\t\t\t\t<div class=\"elementor-element elementor-element-7327cbe elementor-widget elementor-widget-heading\" data-id=\"7327cbe\" data-element_type=\"widget\" data-widget_type=\"heading.default\">\n\t\t\t\t<div class=\"elementor-widget-container\">\n\t\t\t\t\t<h3 class=\"elementor-heading-title elementor-size-default\">Integrity<\/h3>\t\t\t\t<\/div>\n\t\t\t\t<\/div>\n\t\t\t\t<div class=\"elementor-element elementor-element-0947b96 elementor-widget-divider--view-line elementor-widget elementor-widget-divider\" data-id=\"0947b96\" data-element_type=\"widget\" data-widget_type=\"divider.default\">\n\t\t\t\t<div class=\"elementor-widget-container\">\n\t\t\t\t\t\t\t<div class=\"elementor-divider\">\n\t\t\t<span class=\"elementor-divider-separator\">\n\t\t\t\t\t\t<\/span>\n\t\t<\/div>\n\t\t\t\t\t\t<\/div>\n\t\t\t\t<\/div>\n\t\t\t\t<div class=\"elementor-element elementor-element-cfc4e14 elementor-widget elementor-widget-text-editor\" data-id=\"cfc4e14\" data-element_type=\"widget\" data-widget_type=\"text-editor.default\">\n\t\t\t\t<div class=\"elementor-widget-container\">\n\t\t\t\t\t\t\t\t\t<p>We are guided by ethical principles when it comes to projects. We pay attention to the smallest details and the accuracy of execution.<\/p>\t\t\t\t\t\t\t\t<\/div>\n\t\t\t\t<\/div>\n\t\t\t\t\t<\/div>\n\t\t<\/div>\n\t\t\t\t\t<\/div>\n\t\t<\/section>\n\t\t\t\t<section class=\"elementor-section elementor-top-section elementor-element elementor-element-de0031d elementor-section-boxed elementor-section-height-default elementor-section-height-default\" data-id=\"de0031d\" data-element_type=\"section\">\n\t\t\t\t\t\t<div class=\"elementor-container elementor-column-gap-default\">\n\t\t\t\t\t<div class=\"elementor-column elementor-col-33 elementor-top-column elementor-element elementor-element-80a3304\" data-id=\"80a3304\" data-element_type=\"column\">\n\t\t\t<div class=\"elementor-widget-wrap\">\n\t\t\t\t\t\t\t<\/div>\n\t\t<\/div>\n\t\t\t\t<div class=\"elementor-column elementor-col-33 elementor-top-column elementor-element elementor-element-900687c\" data-id=\"900687c\" data-element_type=\"column\">\n\t\t\t<div class=\"elementor-widget-wrap elementor-element-populated\">\n\t\t\t\t\t\t<div class=\"elementor-element elementor-element-a129098 elementor-widget elementor-widget-heading\" data-id=\"a129098\" data-element_type=\"widget\" data-widget_type=\"heading.default\">\n\t\t\t\t<div class=\"elementor-widget-container\">\n\t\t\t\t\t<h3 class=\"elementor-heading-title elementor-size-default\">Innovation<\/h3>\t\t\t\t<\/div>\n\t\t\t\t<\/div>\n\t\t\t\t<div class=\"elementor-element elementor-element-85c0b96 elementor-widget-divider--view-line elementor-widget elementor-widget-divider\" data-id=\"85c0b96\" data-element_type=\"widget\" data-widget_type=\"divider.default\">\n\t\t\t\t<div class=\"elementor-widget-container\">\n\t\t\t\t\t\t\t<div class=\"elementor-divider\">\n\t\t\t<span class=\"elementor-divider-separator\">\n\t\t\t\t\t\t<\/span>\n\t\t<\/div>\n\t\t\t\t\t\t<\/div>\n\t\t\t\t<\/div>\n\t\t\t\t<div class=\"elementor-element elementor-element-7f4f74b elementor-widget elementor-widget-text-editor\" data-id=\"7f4f74b\" data-element_type=\"widget\" data-widget_type=\"text-editor.default\">\n\t\t\t\t<div class=\"elementor-widget-container\">\n\t\t\t\t\t\t\t\t\t<p class=\"translation-block\">Innovation has an important place in our value system. We draw inspiration from the community, interpret processes and work with the latest architectural and design technologies.<\/p>\t\t\t\t\t\t\t\t<\/div>\n\t\t\t\t<\/div>\n\t\t\t\t\t<\/div>\n\t\t<\/div>\n\t\t\t\t<div class=\"elementor-column elementor-col-33 elementor-top-column elementor-element elementor-element-e959462\" data-id=\"e959462\" data-element_type=\"column\">\n\t\t\t<div class=\"elementor-widget-wrap elementor-element-populated\">\n\t\t\t\t\t\t<div class=\"elementor-element elementor-element-472d19a elementor-widget elementor-widget-heading\" data-id=\"472d19a\" data-element_type=\"widget\" data-widget_type=\"heading.default\">\n\t\t\t\t<div class=\"elementor-widget-container\">\n\t\t\t\t\t<h3 class=\"elementor-heading-title elementor-size-default\">Customer commitment<\/h3>\t\t\t\t<\/div>\n\t\t\t\t<\/div>\n\t\t\t\t<div class=\"elementor-element elementor-element-f0ba16b elementor-widget-divider--view-line elementor-widget elementor-widget-divider\" data-id=\"f0ba16b\" data-element_type=\"widget\" data-widget_type=\"divider.default\">\n\t\t\t\t<div class=\"elementor-widget-container\">\n\t\t\t\t\t\t\t<div class=\"elementor-divider\">\n\t\t\t<span class=\"elementor-divider-separator\">\n\t\t\t\t\t\t<\/span>\n\t\t<\/div>\n\t\t\t\t\t\t<\/div>\n\t\t\t\t<\/div>\n\t\t\t\t<div class=\"elementor-element elementor-element-5b43624 elementor-widget elementor-widget-text-editor\" data-id=\"5b43624\" data-element_type=\"widget\" data-widget_type=\"text-editor.default\">\n\t\t\t\t<div class=\"elementor-widget-container\">\n\t\t\t\t\t\t\t\t\t<p class=\"translation-block\">We are committed to providing our customers with a high quality experience. We value your feedback and encourage your questions about LOGIS Residence projects.<\/p>\t\t\t\t\t\t\t\t<\/div>\n\t\t\t\t<\/div>\n\t\t\t\t\t<\/div>\n\t\t<\/div>\n\t\t\t\t\t<\/div>\n\t\t<\/section>\n\t\t\t\t<section class=\"elementor-section elementor-top-section elementor-element elementor-element-d775e10 elementor-section-boxed elementor-section-height-default elementor-section-height-default\" data-id=\"d775e10\" data-element_type=\"section\">\n\t\t\t\t\t\t<div class=\"elementor-container elementor-column-gap-default\">\n\t\t\t\t\t<div class=\"elementor-column elementor-col-100 elementor-top-column elementor-element elementor-element-a47bd35\" data-id=\"a47bd35\" data-element_type=\"column\">\n\t\t\t<div class=\"elementor-widget-wrap elementor-element-populated\">\n\t\t\t\t\t\t<div class=\"elementor-element elementor-element-9732a7c elementor-widget elementor-widget-spacer\" data-id=\"9732a7c\" data-element_type=\"widget\" data-widget_type=\"spacer.default\">\n\t\t\t\t<div class=\"elementor-widget-container\">\n\t\t\t\t\t\t\t<div class=\"elementor-spacer\">\n\t\t\t<div class=\"elementor-spacer-inner\"><\/div>\n\t\t<\/div>\n\t\t\t\t\t\t<\/div>\n\t\t\t\t<\/div>\n\t\t\t\t\t<\/div>\n\t\t<\/div>\n\t\t\t\t\t<\/div>\n\t\t<\/section>\n\t\t\t\t<section class=\"elementor-section elementor-top-section elementor-element elementor-element-cfad12a elementor-section-boxed elementor-section-height-default elementor-section-height-default\" data-id=\"cfad12a\" data-element_type=\"section\">\n\t\t\t\t\t\t<div class=\"elementor-container elementor-column-gap-default\">\n\t\t\t\t\t<div class=\"elementor-column elementor-col-100 elementor-top-column elementor-element elementor-element-766bb9b\" data-id=\"766bb9b\" data-element_type=\"column\">\n\t\t\t<div class=\"elementor-widget-wrap elementor-element-populated\">\n\t\t\t\t\t\t<div class=\"elementor-element elementor-element-37429d9 elementor-widget__width-initial elementor-widget elementor-widget-text-editor\" data-id=\"37429d9\" data-element_type=\"widget\" data-widget_type=\"text-editor.default\">\n\t\t\t\t<div class=\"elementor-widget-container\">\n\t\t\t\t\t\t\t\t\t<h6>Descoperi\u021bi LOGIS Residence, cel mai exclusivist proiect reziden\u021bial boutique din Bucure\u0219ti, unde elegan\u021ba contemporan\u0103 \u00eent\u00e2lne\u0219te rafinamentul interbelic \u00eentr-un stil de via\u021b\u0103 cu adev\u0103rat elegant. Imobilul este situat \u00eentr-o loca\u021bie privilegiat\u0103 din Bucure\u0219ti, oferind acces u\u0219or la o varietate de facilit\u0103\u021bi \u0219i atrac\u021bii instant. Cu magazine exclusiviste, restaurante rafinate \u0219i spa\u021bii verzi \u00een imediata apropiere, acesta creeaz\u0103 un sanctuar de relaxare \u00eentr-o atmosfer\u0103 urban\u0103 vibrant\u0103, imprim\u00e2nd un aer de elegan\u021b\u0103 \u0219i rafinament.<\/h6>\t\t\t\t\t\t\t\t<\/div>\n\t\t\t\t<\/div>\n\t\t\t\t\t<\/div>\n\t\t<\/div>\n\t\t\t\t\t<\/div>\n\t\t<\/section>\n\t\t\t\t<\/div>\n\t\t<script language='javascript' type='text\/javascript'>function getWR360PopupSkin(){return 'light_clean';}<\/script>","protected":false},"excerpt":{"rendered":"<p>Filosofia noastr\u0103 s-a dezvoltat organic \u00een domeniul construc\u021biilor reziden\u021biale. Proiectele LOGIS Residence \u00eemp\u0103rt\u0103\u0219esc acelea\u0219i valori \u0219i au scopul de a construi case excelente pentru oamenii \u0219i familiile urbane. Valori LOGIS Residence High-quality Ne dorim excelen\u021b\u0103 \u0219i calitate premium \u00een orice facem: de la materialele pe care le folosim \u00een construc\u021bii la modul \u00een care \u021binem [&hellip;]<\/p>","protected":false},"author":1,"featured_media":450,"parent":0,"menu_order":0,"comment_status":"closed","ping_status":"closed","template":"elementor_header_footer","meta":{"footnotes":""},"class_list":["post-382","page","type-page","status-publish","has-post-thumbnail","hentry"],"yoast_head":"<!-- This site is optimized with the Yoast SEO plugin v26.7 - https:\/\/yoast.com\/wordpress\/plugins\/seo\/ -->\n<title>Despre Proiectul VL 141 - LOGIS Residence<\/title>\n<meta name=\"description\" content=\"Descoperi\u021bi elegan\u021ba proiectul boutique VL 141 de la LOGIS Residence. Tr\u0103i\u021bi o via\u021b\u0103 inspirat\u0103 de interbelic \u00een inima Bucure\u0219tiului.\" \/>\n<meta name=\"robots\" content=\"index, follow, max-snippet:-1, max-image-preview:large, max-video-preview:-1\" \/>\n<link rel=\"canonical\" href=\"https:\/\/logisresidence.ro\/en\/despre-logis-residence\/\" \/>\n<meta property=\"og:locale\" content=\"en_GB\" \/>\n<meta property=\"og:type\" content=\"article\" \/>\n<meta property=\"og:title\" content=\"Despre Proiectul VL 141 - LOGIS Residence\" \/>\n<meta property=\"og:description\" content=\"Descoperi\u021bi elegan\u021ba proiectul boutique VL 141 de la LOGIS Residence. Tr\u0103i\u021bi o via\u021b\u0103 inspirat\u0103 de interbelic \u00een inima Bucure\u0219tiului.\" \/>\n<meta property=\"og:url\" content=\"https:\/\/logisresidence.ro\/en\/despre-logis-residence\/\" \/>\n<meta property=\"og:site_name\" content=\"LOGIS Residence\" \/>\n<meta property=\"article:publisher\" content=\"https:\/\/www.facebook.com\/LOGISResidence\" \/>\n<meta property=\"article:modified_time\" content=\"2023-07-13T06:04:41+00:00\" \/>\n<meta property=\"og:image\" content=\"https:\/\/logisresidence.ro\/wp-content\/uploads\/2021\/09\/Screenshot-1.png\" \/>\n\t<meta property=\"og:image:width\" content=\"1046\" \/>\n\t<meta property=\"og:image:height\" content=\"802\" \/>\n\t<meta property=\"og:image:type\" content=\"image\/png\" \/>\n<meta name=\"twitter:card\" content=\"summary_large_image\" \/>\n<meta name=\"twitter:label1\" content=\"Estimated reading time\" \/>\n\t<meta name=\"twitter:data1\" content=\"3 minutes\" \/>\n<script type=\"application\/ld+json\" class=\"yoast-schema-graph\">{\"@context\":\"https:\/\/schema.org\",\"@graph\":[{\"@type\":\"WebPage\",\"@id\":\"https:\/\/logisresidence.ro\/despre-logis-residence\/\",\"url\":\"https:\/\/logisresidence.ro\/despre-logis-residence\/\",\"name\":\"Despre Proiectul VL 141 - LOGIS Residence\",\"isPartOf\":{\"@id\":\"https:\/\/logisresidence.ro\/en\/#website\"},\"primaryImageOfPage\":{\"@id\":\"https:\/\/logisresidence.ro\/despre-logis-residence\/#primaryimage\"},\"image\":{\"@id\":\"https:\/\/logisresidence.ro\/despre-logis-residence\/#primaryimage\"},\"thumbnailUrl\":\"https:\/\/logisresidence.ro\/wp-content\/uploads\/2021\/09\/Screenshot-1.png\",\"datePublished\":\"2021-08-24T11:23:00+00:00\",\"dateModified\":\"2023-07-13T06:04:41+00:00\",\"description\":\"Descoperi\u021bi elegan\u021ba proiectul boutique VL 141 de la LOGIS Residence. Tr\u0103i\u021bi o via\u021b\u0103 inspirat\u0103 de interbelic \u00een inima Bucure\u0219tiului.\",\"breadcrumb\":{\"@id\":\"https:\/\/logisresidence.ro\/despre-logis-residence\/#breadcrumb\"},\"inLanguage\":\"en-GB\",\"potentialAction\":[{\"@type\":\"ReadAction\",\"target\":[\"https:\/\/logisresidence.ro\/despre-logis-residence\/\"]}]},{\"@type\":\"ImageObject\",\"inLanguage\":\"en-GB\",\"@id\":\"https:\/\/logisresidence.ro\/despre-logis-residence\/#primaryimage\",\"url\":\"https:\/\/logisresidence.ro\/wp-content\/uploads\/2021\/09\/Screenshot-1.png\",\"contentUrl\":\"https:\/\/logisresidence.ro\/wp-content\/uploads\/2021\/09\/Screenshot-1.png\",\"width\":1046,\"height\":802,\"caption\":\"LOGIS Residence\"},{\"@type\":\"BreadcrumbList\",\"@id\":\"https:\/\/logisresidence.ro\/despre-logis-residence\/#breadcrumb\",\"itemListElement\":[{\"@type\":\"ListItem\",\"position\":1,\"name\":\"Prima pagin\u0103\",\"item\":\"https:\/\/logisresidence.ro\/\"},{\"@type\":\"ListItem\",\"position\":2,\"name\":\"Despre\"}]},{\"@type\":\"WebSite\",\"@id\":\"https:\/\/logisresidence.ro\/en\/#website\",\"url\":\"https:\/\/logisresidence.ro\/en\/\",\"name\":\"LOGIS Residence\",\"description\":\"Residential Development\",\"publisher\":{\"@id\":\"https:\/\/logisresidence.ro\/en\/#organization\"},\"potentialAction\":[{\"@type\":\"SearchAction\",\"target\":{\"@type\":\"EntryPoint\",\"urlTemplate\":\"https:\/\/logisresidence.ro\/en\/?s={search_term_string}\"},\"query-input\":{\"@type\":\"PropertyValueSpecification\",\"valueRequired\":true,\"valueName\":\"search_term_string\"}}],\"inLanguage\":\"en-GB\"},{\"@type\":\"Organization\",\"@id\":\"https:\/\/logisresidence.ro\/en\/#organization\",\"name\":\"Logis Residence SRL\",\"url\":\"https:\/\/logisresidence.ro\/en\/\",\"logo\":{\"@type\":\"ImageObject\",\"inLanguage\":\"en-GB\",\"@id\":\"https:\/\/logisresidence.ro\/en\/#\/schema\/logo\/image\/\",\"url\":\"https:\/\/logisresidence.ro\/wp-content\/uploads\/2022\/03\/Site-Icon-web.png\",\"contentUrl\":\"https:\/\/logisresidence.ro\/wp-content\/uploads\/2022\/03\/Site-Icon-web.png\",\"width\":512,\"height\":512,\"caption\":\"Logis Residence SRL\"},\"image\":{\"@id\":\"https:\/\/logisresidence.ro\/en\/#\/schema\/logo\/image\/\"},\"sameAs\":[\"https:\/\/www.facebook.com\/LOGISResidence\",\"https:\/\/www.instagram.com\/logisresidence\/\",\"https:\/\/www.linkedin.com\/company\/logisresidence\"]}]}<\/script>\n<!-- \/ Yoast SEO plugin. -->","yoast_head_json":{"title":"Despre Proiectul VL 141 - LOGIS Residence","description":"Descoperi\u021bi elegan\u021ba proiectul boutique VL 141 de la LOGIS Residence. Tr\u0103i\u021bi o via\u021b\u0103 inspirat\u0103 de interbelic \u00een inima Bucure\u0219tiului.","robots":{"index":"index","follow":"follow","max-snippet":"max-snippet:-1","max-image-preview":"max-image-preview:large","max-video-preview":"max-video-preview:-1"},"canonical":"https:\/\/logisresidence.ro\/en\/despre-logis-residence\/","og_locale":"en_GB","og_type":"article","og_title":"Despre Proiectul VL 141 - LOGIS Residence","og_description":"Descoperi\u021bi elegan\u021ba proiectul boutique VL 141 de la LOGIS Residence. Tr\u0103i\u021bi o via\u021b\u0103 inspirat\u0103 de interbelic \u00een inima Bucure\u0219tiului.","og_url":"https:\/\/logisresidence.ro\/en\/despre-logis-residence\/","og_site_name":"LOGIS Residence","article_publisher":"https:\/\/www.facebook.com\/LOGISResidence","article_modified_time":"2023-07-13T06:04:41+00:00","og_image":[{"width":1046,"height":802,"url":"https:\/\/logisresidence.ro\/wp-content\/uploads\/2021\/09\/Screenshot-1.png","type":"image\/png"}],"twitter_card":"summary_large_image","twitter_misc":{"Estimated reading time":"3 minutes"},"schema":{"@context":"https:\/\/schema.org","@graph":[{"@type":"WebPage","@id":"https:\/\/logisresidence.ro\/despre-logis-residence\/","url":"https:\/\/logisresidence.ro\/despre-logis-residence\/","name":"Despre Proiectul VL 141 - LOGIS Residence","isPartOf":{"@id":"https:\/\/logisresidence.ro\/en\/#website"},"primaryImageOfPage":{"@id":"https:\/\/logisresidence.ro\/despre-logis-residence\/#primaryimage"},"image":{"@id":"https:\/\/logisresidence.ro\/despre-logis-residence\/#primaryimage"},"thumbnailUrl":"https:\/\/logisresidence.ro\/wp-content\/uploads\/2021\/09\/Screenshot-1.png","datePublished":"2021-08-24T11:23:00+00:00","dateModified":"2023-07-13T06:04:41+00:00","description":"Descoperi\u021bi elegan\u021ba proiectul boutique VL 141 de la LOGIS Residence. Tr\u0103i\u021bi o via\u021b\u0103 inspirat\u0103 de interbelic \u00een inima Bucure\u0219tiului.","breadcrumb":{"@id":"https:\/\/logisresidence.ro\/despre-logis-residence\/#breadcrumb"},"inLanguage":"en-GB","potentialAction":[{"@type":"ReadAction","target":["https:\/\/logisresidence.ro\/despre-logis-residence\/"]}]},{"@type":"ImageObject","inLanguage":"en-GB","@id":"https:\/\/logisresidence.ro\/despre-logis-residence\/#primaryimage","url":"https:\/\/logisresidence.ro\/wp-content\/uploads\/2021\/09\/Screenshot-1.png","contentUrl":"https:\/\/logisresidence.ro\/wp-content\/uploads\/2021\/09\/Screenshot-1.png","width":1046,"height":802,"caption":"LOGIS Residence"},{"@type":"BreadcrumbList","@id":"https:\/\/logisresidence.ro\/despre-logis-residence\/#breadcrumb","itemListElement":[{"@type":"ListItem","position":1,"name":"Prima pagin\u0103","item":"https:\/\/logisresidence.ro\/"},{"@type":"ListItem","position":2,"name":"Despre"}]},{"@type":"WebSite","@id":"https:\/\/logisresidence.ro\/en\/#website","url":"https:\/\/logisresidence.ro\/en\/","name":"LOGIS Residence","description":"Residential Development","publisher":{"@id":"https:\/\/logisresidence.ro\/en\/#organization"},"potentialAction":[{"@type":"SearchAction","target":{"@type":"EntryPoint","urlTemplate":"https:\/\/logisresidence.ro\/en\/?s={search_term_string}"},"query-input":{"@type":"PropertyValueSpecification","valueRequired":true,"valueName":"search_term_string"}}],"inLanguage":"en-GB"},{"@type":"Organization","@id":"https:\/\/logisresidence.ro\/en\/#organization","name":"Logis Residence SRL","url":"https:\/\/logisresidence.ro\/en\/","logo":{"@type":"ImageObject","inLanguage":"en-GB","@id":"https:\/\/logisresidence.ro\/en\/#\/schema\/logo\/image\/","url":"https:\/\/logisresidence.ro\/wp-content\/uploads\/2022\/03\/Site-Icon-web.png","contentUrl":"https:\/\/logisresidence.ro\/wp-content\/uploads\/2022\/03\/Site-Icon-web.png","width":512,"height":512,"caption":"Logis Residence SRL"},"image":{"@id":"https:\/\/logisresidence.ro\/en\/#\/schema\/logo\/image\/"},"sameAs":["https:\/\/www.facebook.com\/LOGISResidence","https:\/\/www.instagram.com\/logisresidence\/","https:\/\/www.linkedin.com\/company\/logisresidence"]}]}},"_links":{"self":[{"href":"https:\/\/logisresidence.ro\/en\/wp-json\/wp\/v2\/pages\/382","targetHints":{"allow":["GET"]}}],"collection":[{"href":"https:\/\/logisresidence.ro\/en\/wp-json\/wp\/v2\/pages"}],"about":[{"href":"https:\/\/logisresidence.ro\/en\/wp-json\/wp\/v2\/types\/page"}],"author":[{"embeddable":true,"href":"https:\/\/logisresidence.ro\/en\/wp-json\/wp\/v2\/users\/1"}],"replies":[{"embeddable":true,"href":"https:\/\/logisresidence.ro\/en\/wp-json\/wp\/v2\/comments?post=382"}],"version-history":[{"count":96,"href":"https:\/\/logisresidence.ro\/en\/wp-json\/wp\/v2\/pages\/382\/revisions"}],"predecessor-version":[{"id":1685,"href":"https:\/\/logisresidence.ro\/en\/wp-json\/wp\/v2\/pages\/382\/revisions\/1685"}],"wp:featuredmedia":[{"embeddable":true,"href":"https:\/\/logisresidence.ro\/en\/wp-json\/wp\/v2\/media\/450"}],"wp:attachment":[{"href":"https:\/\/logisresidence.ro\/en\/wp-json\/wp\/v2\/media?parent=382"}],"curies":[{"name":"wp","href":"https:\/\/api.w.org\/{rel}","templated":true}]}}