{"id":208,"date":"2021-07-14T08:49:43","date_gmt":"2021-07-14T08:49:43","guid":{"rendered":"https:\/\/logisresidence.ro\/?page_id=208"},"modified":"2024-01-24T12:37:37","modified_gmt":"2024-01-24T12:37:37","slug":"apartamente-boutique","status":"publish","type":"page","link":"https:\/\/logisresidence.ro\/en\/apartamente-boutique\/","title":{"rendered":"APARTMENTS"},"content":{"rendered":"<div data-elementor-type=\"wp-page\" data-elementor-id=\"208\" class=\"elementor elementor-208\" data-elementor-post-type=\"page\">\n\t\t\t\t\t\t<section class=\"elementor-section elementor-top-section elementor-element elementor-element-61a4fd4 elementor-section-boxed elementor-section-height-default elementor-section-height-default\" data-id=\"61a4fd4\" data-element_type=\"section\">\n\t\t\t\t\t\t<div class=\"elementor-container elementor-column-gap-default\">\n\t\t\t\t\t<div class=\"elementor-column elementor-col-100 elementor-top-column elementor-element elementor-element-682d2ac\" data-id=\"682d2ac\" data-element_type=\"column\">\n\t\t\t<div class=\"elementor-widget-wrap elementor-element-populated\">\n\t\t\t\t\t\t<div class=\"elementor-element elementor-element-bc4fa76 elementor-widget elementor-widget-spacer\" data-id=\"bc4fa76\" data-element_type=\"widget\" data-widget_type=\"spacer.default\">\n\t\t\t\t<div class=\"elementor-widget-container\">\n\t\t\t\t\t\t\t<div class=\"elementor-spacer\">\n\t\t\t<div class=\"elementor-spacer-inner\"><\/div>\n\t\t<\/div>\n\t\t\t\t\t\t<\/div>\n\t\t\t\t<\/div>\n\t\t\t\t\t<\/div>\n\t\t<\/div>\n\t\t\t\t\t<\/div>\n\t\t<\/section>\n\t\t\t\t<section class=\"elementor-section elementor-top-section elementor-element elementor-element-41da57d elementor-section-boxed elementor-section-height-default elementor-section-height-default\" data-id=\"41da57d\" data-element_type=\"section\">\n\t\t\t\t\t\t<div class=\"elementor-container elementor-column-gap-default\">\n\t\t\t\t\t<div class=\"elementor-column elementor-col-33 elementor-top-column elementor-element elementor-element-90ee125\" data-id=\"90ee125\" data-element_type=\"column\">\n\t\t\t<div class=\"elementor-widget-wrap\">\n\t\t\t\t\t\t\t<\/div>\n\t\t<\/div>\n\t\t\t\t<div class=\"elementor-column elementor-col-33 elementor-top-column elementor-element elementor-element-06e40ba\" data-id=\"06e40ba\" data-element_type=\"column\">\n\t\t\t<div class=\"elementor-widget-wrap elementor-element-populated\">\n\t\t\t\t\t\t<div class=\"elementor-element elementor-element-114985f elementor-widget elementor-widget-html\" data-id=\"114985f\" data-element_type=\"widget\" data-widget_type=\"html.default\">\n\t\t\t\t<div class=\"elementor-widget-container\">\n\t\t\t\t\t<script type=\"text\/javascript\">\ndocument.addEventListener(\"DOMContentLoaded\", function() {\n    $ = jQuery;\n    \n function isTouchDevice() {\n  return (('ontouchstart' in window) ||\n   (navigator.maxTouchPoints > 0) ||\n   (navigator.msMaxTouchPoints > 0));\n }\n\nwindow.openFloor = function(var1, var2) {\n if (isTouchDevice()) {\n  setTimeout(function() {window.selectedFloor = var2;}, 500);\n  if (window.selectedFloor == var2) {\n   window.selectedFloor = false;\n   setTimeout(function() {window.selectedFloor = false;}, 600);\n   $.imageMapProGoToFloor(var1, var2);\n  }\n } else {\n  $.imageMapProGoToFloor(var1, var2);\n   window.selectedFloor = false;\n }\n}\n\nwindow.openImage = function(img) {\n    if (isTouchDevice()) {\n        setTimeout(function() {window.openedImage = img;}, 500);\n        if (window.openedImage == img) {\n            window.openedImage = false;\n            setTimeout(function() {window.openedImage = false;}, 600);\n            window.open(img);\n        }\n    } else {\n        window.open(img);\n    }\n}\n\n});\n<\/script>\t\t\t\t<\/div>\n\t\t\t\t<\/div>\n\t\t\t\t<div class=\"elementor-element elementor-element-319b281 elementor-widget elementor-widget-text-editor\" data-id=\"319b281\" data-element_type=\"widget\" data-widget_type=\"text-editor.default\">\n\t\t\t\t<div class=\"elementor-widget-container\">\n\t\t\t\t\t\t\t\t\t<p>SEE APARTMENTS<\/p>\t\t\t\t\t\t\t\t<\/div>\n\t\t\t\t<\/div>\n\t\t\t\t<div class=\"elementor-element elementor-element-fcd225a elementor-widget elementor-widget-text-editor\" data-id=\"fcd225a\" data-element_type=\"widget\" data-widget_type=\"text-editor.default\">\n\t\t\t\t<div class=\"elementor-widget-container\">\n\t\t\t\t\t\t\t\t\t<p><span style=\"letter-spacing: 0px;\">Select the desired floor and download the floor plans.<\/span><\/p><p>\u00a0<\/p>\t\t\t\t\t\t\t\t<\/div>\n\t\t\t\t<\/div>\n\t\t\t\t<div class=\"elementor-element elementor-element-7d2f3cc elementor-view-default elementor-widget elementor-widget-icon\" data-id=\"7d2f3cc\" data-element_type=\"widget\" data-widget_type=\"icon.default\">\n\t\t\t\t<div class=\"elementor-widget-container\">\n\t\t\t\t\t\t\t<div class=\"elementor-icon-wrapper\">\n\t\t\t<div class=\"elementor-icon\">\n\t\t\t<i aria-hidden=\"true\" class=\"fas fa-arrow-down\"><\/i>\t\t\t<\/div>\n\t\t<\/div>\n\t\t\t\t\t\t<\/div>\n\t\t\t\t<\/div>\n\t\t\t\t\t<\/div>\n\t\t<\/div>\n\t\t\t\t<div class=\"elementor-column elementor-col-33 elementor-top-column elementor-element elementor-element-195a471\" data-id=\"195a471\" data-element_type=\"column\">\n\t\t\t<div class=\"elementor-widget-wrap\">\n\t\t\t\t\t\t\t<\/div>\n\t\t<\/div>\n\t\t\t\t\t<\/div>\n\t\t<\/section>\n\t\t\t\t<section class=\"elementor-section elementor-top-section elementor-element elementor-element-185419a elementor-section-boxed elementor-section-height-default elementor-section-height-default\" data-id=\"185419a\" data-element_type=\"section\">\n\t\t\t\t\t\t<div class=\"elementor-container elementor-column-gap-default\">\n\t\t\t\t\t<div class=\"elementor-column elementor-col-100 elementor-top-column elementor-element elementor-element-d35423d\" data-id=\"d35423d\" data-element_type=\"column\">\n\t\t\t<div class=\"elementor-widget-wrap elementor-element-populated\">\n\t\t\t\t\t\t<div class=\"elementor-element elementor-element-454e7b9 elementor-widget elementor-widget-text-editor\" data-id=\"454e7b9\" data-element_type=\"widget\" data-widget_type=\"text-editor.default\">\n\t\t\t\t<div class=\"elementor-widget-container\">\n\t\t\t\t\t\t\t\t\t<p>Loading<\/p>\t\t\t\t\t\t\t\t<\/div>\n\t\t\t\t<\/div>\n\t\t\t\t<div class=\"elementor-element elementor-element-d3da7ad elementor-widget elementor-widget-text-editor\" data-id=\"d3da7ad\" data-element_type=\"widget\" data-widget_type=\"text-editor.default\">\n\t\t\t\t<div class=\"elementor-widget-container\">\n\t\t\t\t\t\t\t\t\t<div><div id=\"image-map-pro-6521\"><\/div><\/div>\t\t\t\t\t\t\t\t<\/div>\n\t\t\t\t<\/div>\n\t\t\t\t<div class=\"elementor-element elementor-element-243a15d elementor-widget elementor-widget-spacer\" data-id=\"243a15d\" data-element_type=\"widget\" data-widget_type=\"spacer.default\">\n\t\t\t\t<div class=\"elementor-widget-container\">\n\t\t\t\t\t\t\t<div class=\"elementor-spacer\">\n\t\t\t<div class=\"elementor-spacer-inner\"><\/div>\n\t\t<\/div>\n\t\t\t\t\t\t<\/div>\n\t\t\t\t<\/div>\n\t\t\t\t\t<\/div>\n\t\t<\/div>\n\t\t\t\t\t<\/div>\n\t\t<\/section>\n\t\t\t\t<section class=\"elementor-section elementor-top-section elementor-element elementor-element-deeb945 elementor-section-boxed elementor-section-height-default elementor-section-height-default\" data-id=\"deeb945\" data-element_type=\"section\">\n\t\t\t\t\t\t<div class=\"elementor-container elementor-column-gap-default\">\n\t\t\t\t\t<div class=\"elementor-column elementor-col-100 elementor-top-column elementor-element elementor-element-61edd55\" data-id=\"61edd55\" data-element_type=\"column\">\n\t\t\t<div class=\"elementor-widget-wrap elementor-element-populated\">\n\t\t\t\t\t\t<div class=\"elementor-element elementor-element-15b7eb8 elementor-widget elementor-widget-text-editor\" data-id=\"15b7eb8\" data-element_type=\"widget\" data-widget_type=\"text-editor.default\">\n\t\t\t\t<div class=\"elementor-widget-container\">\n\t\t\t\t\t\t\t\t\t<p>VASILE LASC\u0102R 141<\/p>\t\t\t\t\t\t\t\t<\/div>\n\t\t\t\t<\/div>\n\t\t\t\t<div class=\"elementor-element elementor-element-7ebd08d elementor-widget-divider--view-line elementor-widget elementor-widget-divider\" data-id=\"7ebd08d\" data-element_type=\"widget\" data-widget_type=\"divider.default\">\n\t\t\t\t<div class=\"elementor-widget-container\">\n\t\t\t\t\t\t\t<div class=\"elementor-divider\">\n\t\t\t<span class=\"elementor-divider-separator\">\n\t\t\t\t\t\t<\/span>\n\t\t<\/div>\n\t\t\t\t\t\t<\/div>\n\t\t\t\t<\/div>\n\t\t\t\t\t<\/div>\n\t\t<\/div>\n\t\t\t\t\t<\/div>\n\t\t<\/section>\n\t\t\t\t<section class=\"elementor-section elementor-top-section elementor-element elementor-element-5139046 elementor-section-boxed elementor-section-height-default elementor-section-height-default\" data-id=\"5139046\" data-element_type=\"section\">\n\t\t\t\t\t\t<div class=\"elementor-container elementor-column-gap-default\">\n\t\t\t\t\t<div class=\"elementor-column elementor-col-100 elementor-top-column elementor-element elementor-element-5bc2dc9\" data-id=\"5bc2dc9\" data-element_type=\"column\">\n\t\t\t<div class=\"elementor-widget-wrap elementor-element-populated\">\n\t\t\t\t\t\t<div class=\"elementor-element elementor-element-f09a52c elementor-widget elementor-widget-text-editor\" data-id=\"f09a52c\" data-element_type=\"widget\" data-widget_type=\"text-editor.default\">\n\t\t\t\t<div class=\"elementor-widget-container\">\n\t\t\t\t\t\t\t\t\t<p>Discover an exceptional selection of boutique apartments designed by the prestigious architectural design office\u00a0<a href=\"https:\/\/adnba.ro\/\" target=\"_blank\" rel=\"noopener\">ADNBA\u00a0<\/a>and developed by LOGIS Residence, where contemporary design blends with interwar inspired aesthetics and influences.<\/p><p>Each boutique apartment has been carefully designed with an eye for detail and decorated with premium materials and finishes that exude unparalleled elegance and quality. From exquisite hardwood floors to modern open plan kitchens and sophisticated bathrooms, every aspect of the design has been created to satisfy the most discerning of desires.<\/p><p>Ave\u021bi posibilitatea de a alege \u00eentre apartamente cu 2 sau 3 camere, toate fiind completate de locuri de parcare subterane.<\/p><p>Step into the vibrant heart of Bucharest at LOGIS Residence, where all the needs of a city dweller are at your fingertips. Join our respectful and welcoming community, dedicated to enhancing the living experience of every resident. <a href=\"https:\/\/logisresidence.ro\/en\/despre\/\" target=\"_blank\" rel=\"noopener\">LOGIS Residence<\/a>, where all the desires of an urban dweller are at hand. Join our respectful and welcoming community dedicated to enhancing the living experience of every resident.<\/p><p>Reserve your place in the elegant boutique apartments of LOGIS Residence, where you'll live in an authentic atmosphere of interwar sophistication and elegance.<\/p><p>Contact us today to pre-book your apartment at LOGIS Residence.<\/p>\t\t\t\t\t\t\t\t<\/div>\n\t\t\t\t<\/div>\n\t\t\t\t\t<\/div>\n\t\t<\/div>\n\t\t\t\t\t<\/div>\n\t\t<\/section>\n\t\t\t\t<section class=\"elementor-section elementor-top-section elementor-element elementor-element-0df1ee5 elementor-section-boxed elementor-section-height-default elementor-section-height-default\" data-id=\"0df1ee5\" data-element_type=\"section\">\n\t\t\t\t\t\t<div class=\"elementor-container elementor-column-gap-default\">\n\t\t\t\t\t<div class=\"elementor-column elementor-col-100 elementor-top-column elementor-element elementor-element-3139b8a\" data-id=\"3139b8a\" data-element_type=\"column\">\n\t\t\t<div class=\"elementor-widget-wrap elementor-element-populated\">\n\t\t\t\t\t\t<div class=\"elementor-element elementor-element-2331183 elementor-widget elementor-widget-spacer\" data-id=\"2331183\" data-element_type=\"widget\" data-widget_type=\"spacer.default\">\n\t\t\t\t<div class=\"elementor-widget-container\">\n\t\t\t\t\t\t\t<div class=\"elementor-spacer\">\n\t\t\t<div class=\"elementor-spacer-inner\"><\/div>\n\t\t<\/div>\n\t\t\t\t\t\t<\/div>\n\t\t\t\t<\/div>\n\t\t\t\t\t<\/div>\n\t\t<\/div>\n\t\t\t\t\t<\/div>\n\t\t<\/section>\n\t\t\t\t<\/div>\n\t\t<script language='javascript' type='text\/javascript'>function getWR360PopupSkin(){return 'light_clean';}<\/script>","protected":false},"excerpt":{"rendered":"<p>VEZI APARTAMENTELE Selecteaz\u0103 etajul dorit \u0219i downloadeaz\u0103 planurile spa\u021biilor. \u00a0 Se incarca VASILE LASC\u0102R 141 Descoperi\u021bi o selec\u021bie excep\u021bional\u0103 de apartamente boutique concepute de prestigiosul birou de arhitectur\u0103\u00a0ADNBA\u00a0\u0219i dezvoltate de LOGIS Residence, unde designul contemporan se \u00eembin\u0103 cu estetica \u0219i influen\u021bele inspirate de perioada interbelic\u0103. Fiecare\u00a0apartament boutique\u00a0este meticulos proiectat, pun\u00e2ndu-se accent pe detalii \u0219i fiind [&hellip;]<\/p>","protected":false},"author":1,"featured_media":830,"parent":0,"menu_order":0,"comment_status":"closed","ping_status":"closed","template":"elementor_header_footer","meta":{"footnotes":""},"class_list":["post-208","page","type-page","status-publish","has-post-thumbnail","hentry"],"yoast_head":"<!-- This site is optimized with the Yoast SEO plugin v26.7 - https:\/\/yoast.com\/wordpress\/plugins\/seo\/ -->\n<title>Apartamente Boutique - LOGIS Residence<\/title>\n<meta name=\"description\" content=\"C\u0103uta\u021bi acele apartamente boutique exclusiviste, concepute de ADNBA, care \u00eembin\u0103 perfect arhitectura contemporan\u0103 cu rafinamentul interbelic?\" \/>\n<meta name=\"robots\" content=\"index, follow, max-snippet:-1, max-image-preview:large, max-video-preview:-1\" \/>\n<link rel=\"canonical\" href=\"https:\/\/logisresidence.ro\/en\/apartamente-boutique\/\" \/>\n<meta property=\"og:locale\" content=\"en_GB\" \/>\n<meta property=\"og:type\" content=\"article\" \/>\n<meta property=\"og:title\" content=\"Apartamente Boutique - LOGIS Residence\" \/>\n<meta property=\"og:description\" content=\"C\u0103uta\u021bi acele apartamente boutique exclusiviste, concepute de ADNBA, care \u00eembin\u0103 perfect arhitectura contemporan\u0103 cu rafinamentul interbelic?\" \/>\n<meta property=\"og:url\" content=\"https:\/\/logisresidence.ro\/en\/apartamente-boutique\/\" \/>\n<meta property=\"og:site_name\" content=\"LOGIS Residence\" \/>\n<meta property=\"article:publisher\" content=\"https:\/\/www.facebook.com\/LOGISResidence\" \/>\n<meta property=\"article:modified_time\" content=\"2024-01-24T12:37:37+00:00\" \/>\n<meta property=\"og:image\" content=\"https:\/\/logisresidence.ro\/wp-content\/uploads\/2022\/01\/VSL_INT_C01_S.jpg\" \/>\n\t<meta property=\"og:image:width\" content=\"1397\" \/>\n\t<meta property=\"og:image:height\" content=\"988\" \/>\n\t<meta property=\"og:image:type\" content=\"image\/jpeg\" \/>\n<meta name=\"twitter:card\" content=\"summary_large_image\" \/>\n<meta name=\"twitter:label1\" content=\"Estimated reading time\" \/>\n\t<meta name=\"twitter:data1\" content=\"1 minute\" \/>\n<script type=\"application\/ld+json\" class=\"yoast-schema-graph\">{\"@context\":\"https:\/\/schema.org\",\"@graph\":[{\"@type\":\"WebPage\",\"@id\":\"https:\/\/logisresidence.ro\/apartamente-boutique\/\",\"url\":\"https:\/\/logisresidence.ro\/apartamente-boutique\/\",\"name\":\"Apartamente Boutique - LOGIS Residence\",\"isPartOf\":{\"@id\":\"https:\/\/logisresidence.ro\/en\/#website\"},\"primaryImageOfPage\":{\"@id\":\"https:\/\/logisresidence.ro\/apartamente-boutique\/#primaryimage\"},\"image\":{\"@id\":\"https:\/\/logisresidence.ro\/apartamente-boutique\/#primaryimage\"},\"thumbnailUrl\":\"https:\/\/logisresidence.ro\/wp-content\/uploads\/2022\/01\/VSL_INT_C01_S.jpg\",\"datePublished\":\"2021-07-14T08:49:43+00:00\",\"dateModified\":\"2024-01-24T12:37:37+00:00\",\"description\":\"C\u0103uta\u021bi acele apartamente boutique exclusiviste, concepute de ADNBA, care \u00eembin\u0103 perfect arhitectura contemporan\u0103 cu rafinamentul interbelic?\",\"breadcrumb\":{\"@id\":\"https:\/\/logisresidence.ro\/apartamente-boutique\/#breadcrumb\"},\"inLanguage\":\"en-GB\",\"potentialAction\":[{\"@type\":\"ReadAction\",\"target\":[\"https:\/\/logisresidence.ro\/apartamente-boutique\/\"]}]},{\"@type\":\"ImageObject\",\"inLanguage\":\"en-GB\",\"@id\":\"https:\/\/logisresidence.ro\/apartamente-boutique\/#primaryimage\",\"url\":\"https:\/\/logisresidence.ro\/wp-content\/uploads\/2022\/01\/VSL_INT_C01_S.jpg\",\"contentUrl\":\"https:\/\/logisresidence.ro\/wp-content\/uploads\/2022\/01\/VSL_INT_C01_S.jpg\",\"width\":1397,\"height\":988,\"caption\":\"apartamente boutique\"},{\"@type\":\"BreadcrumbList\",\"@id\":\"https:\/\/logisresidence.ro\/apartamente-boutique\/#breadcrumb\",\"itemListElement\":[{\"@type\":\"ListItem\",\"position\":1,\"name\":\"Prima pagin\u0103\",\"item\":\"https:\/\/logisresidence.ro\/\"},{\"@type\":\"ListItem\",\"position\":2,\"name\":\"Apartamente\"}]},{\"@type\":\"WebSite\",\"@id\":\"https:\/\/logisresidence.ro\/en\/#website\",\"url\":\"https:\/\/logisresidence.ro\/en\/\",\"name\":\"LOGIS Residence\",\"description\":\"Residential Development\",\"publisher\":{\"@id\":\"https:\/\/logisresidence.ro\/en\/#organization\"},\"potentialAction\":[{\"@type\":\"SearchAction\",\"target\":{\"@type\":\"EntryPoint\",\"urlTemplate\":\"https:\/\/logisresidence.ro\/en\/?s={search_term_string}\"},\"query-input\":{\"@type\":\"PropertyValueSpecification\",\"valueRequired\":true,\"valueName\":\"search_term_string\"}}],\"inLanguage\":\"en-GB\"},{\"@type\":\"Organization\",\"@id\":\"https:\/\/logisresidence.ro\/en\/#organization\",\"name\":\"Logis Residence SRL\",\"url\":\"https:\/\/logisresidence.ro\/en\/\",\"logo\":{\"@type\":\"ImageObject\",\"inLanguage\":\"en-GB\",\"@id\":\"https:\/\/logisresidence.ro\/en\/#\/schema\/logo\/image\/\",\"url\":\"https:\/\/logisresidence.ro\/wp-content\/uploads\/2022\/03\/Site-Icon-web.png\",\"contentUrl\":\"https:\/\/logisresidence.ro\/wp-content\/uploads\/2022\/03\/Site-Icon-web.png\",\"width\":512,\"height\":512,\"caption\":\"Logis Residence SRL\"},\"image\":{\"@id\":\"https:\/\/logisresidence.ro\/en\/#\/schema\/logo\/image\/\"},\"sameAs\":[\"https:\/\/www.facebook.com\/LOGISResidence\",\"https:\/\/www.instagram.com\/logisresidence\/\",\"https:\/\/www.linkedin.com\/company\/logisresidence\"]}]}<\/script>\n<!-- \/ Yoast SEO plugin. -->","yoast_head_json":{"title":"Apartamente Boutique - LOGIS Residence","description":"C\u0103uta\u021bi acele apartamente boutique exclusiviste, concepute de ADNBA, care \u00eembin\u0103 perfect arhitectura contemporan\u0103 cu rafinamentul interbelic?","robots":{"index":"index","follow":"follow","max-snippet":"max-snippet:-1","max-image-preview":"max-image-preview:large","max-video-preview":"max-video-preview:-1"},"canonical":"https:\/\/logisresidence.ro\/en\/apartamente-boutique\/","og_locale":"en_GB","og_type":"article","og_title":"Apartamente Boutique - LOGIS Residence","og_description":"C\u0103uta\u021bi acele apartamente boutique exclusiviste, concepute de ADNBA, care \u00eembin\u0103 perfect arhitectura contemporan\u0103 cu rafinamentul interbelic?","og_url":"https:\/\/logisresidence.ro\/en\/apartamente-boutique\/","og_site_name":"LOGIS Residence","article_publisher":"https:\/\/www.facebook.com\/LOGISResidence","article_modified_time":"2024-01-24T12:37:37+00:00","og_image":[{"width":1397,"height":988,"url":"https:\/\/logisresidence.ro\/wp-content\/uploads\/2022\/01\/VSL_INT_C01_S.jpg","type":"image\/jpeg"}],"twitter_card":"summary_large_image","twitter_misc":{"Estimated reading time":"1 minute"},"schema":{"@context":"https:\/\/schema.org","@graph":[{"@type":"WebPage","@id":"https:\/\/logisresidence.ro\/apartamente-boutique\/","url":"https:\/\/logisresidence.ro\/apartamente-boutique\/","name":"Apartamente Boutique - LOGIS Residence","isPartOf":{"@id":"https:\/\/logisresidence.ro\/en\/#website"},"primaryImageOfPage":{"@id":"https:\/\/logisresidence.ro\/apartamente-boutique\/#primaryimage"},"image":{"@id":"https:\/\/logisresidence.ro\/apartamente-boutique\/#primaryimage"},"thumbnailUrl":"https:\/\/logisresidence.ro\/wp-content\/uploads\/2022\/01\/VSL_INT_C01_S.jpg","datePublished":"2021-07-14T08:49:43+00:00","dateModified":"2024-01-24T12:37:37+00:00","description":"C\u0103uta\u021bi acele apartamente boutique exclusiviste, concepute de ADNBA, care \u00eembin\u0103 perfect arhitectura contemporan\u0103 cu rafinamentul interbelic?","breadcrumb":{"@id":"https:\/\/logisresidence.ro\/apartamente-boutique\/#breadcrumb"},"inLanguage":"en-GB","potentialAction":[{"@type":"ReadAction","target":["https:\/\/logisresidence.ro\/apartamente-boutique\/"]}]},{"@type":"ImageObject","inLanguage":"en-GB","@id":"https:\/\/logisresidence.ro\/apartamente-boutique\/#primaryimage","url":"https:\/\/logisresidence.ro\/wp-content\/uploads\/2022\/01\/VSL_INT_C01_S.jpg","contentUrl":"https:\/\/logisresidence.ro\/wp-content\/uploads\/2022\/01\/VSL_INT_C01_S.jpg","width":1397,"height":988,"caption":"apartamente boutique"},{"@type":"BreadcrumbList","@id":"https:\/\/logisresidence.ro\/apartamente-boutique\/#breadcrumb","itemListElement":[{"@type":"ListItem","position":1,"name":"Prima pagin\u0103","item":"https:\/\/logisresidence.ro\/"},{"@type":"ListItem","position":2,"name":"Apartamente"}]},{"@type":"WebSite","@id":"https:\/\/logisresidence.ro\/en\/#website","url":"https:\/\/logisresidence.ro\/en\/","name":"LOGIS Residence","description":"Residential Development","publisher":{"@id":"https:\/\/logisresidence.ro\/en\/#organization"},"potentialAction":[{"@type":"SearchAction","target":{"@type":"EntryPoint","urlTemplate":"https:\/\/logisresidence.ro\/en\/?s={search_term_string}"},"query-input":{"@type":"PropertyValueSpecification","valueRequired":true,"valueName":"search_term_string"}}],"inLanguage":"en-GB"},{"@type":"Organization","@id":"https:\/\/logisresidence.ro\/en\/#organization","name":"Logis Residence SRL","url":"https:\/\/logisresidence.ro\/en\/","logo":{"@type":"ImageObject","inLanguage":"en-GB","@id":"https:\/\/logisresidence.ro\/en\/#\/schema\/logo\/image\/","url":"https:\/\/logisresidence.ro\/wp-content\/uploads\/2022\/03\/Site-Icon-web.png","contentUrl":"https:\/\/logisresidence.ro\/wp-content\/uploads\/2022\/03\/Site-Icon-web.png","width":512,"height":512,"caption":"Logis Residence SRL"},"image":{"@id":"https:\/\/logisresidence.ro\/en\/#\/schema\/logo\/image\/"},"sameAs":["https:\/\/www.facebook.com\/LOGISResidence","https:\/\/www.instagram.com\/logisresidence\/","https:\/\/www.linkedin.com\/company\/logisresidence"]}]}},"_links":{"self":[{"href":"https:\/\/logisresidence.ro\/en\/wp-json\/wp\/v2\/pages\/208","targetHints":{"allow":["GET"]}}],"collection":[{"href":"https:\/\/logisresidence.ro\/en\/wp-json\/wp\/v2\/pages"}],"about":[{"href":"https:\/\/logisresidence.ro\/en\/wp-json\/wp\/v2\/types\/page"}],"author":[{"embeddable":true,"href":"https:\/\/logisresidence.ro\/en\/wp-json\/wp\/v2\/users\/1"}],"replies":[{"embeddable":true,"href":"https:\/\/logisresidence.ro\/en\/wp-json\/wp\/v2\/comments?post=208"}],"version-history":[{"count":350,"href":"https:\/\/logisresidence.ro\/en\/wp-json\/wp\/v2\/pages\/208\/revisions"}],"predecessor-version":[{"id":1931,"href":"https:\/\/logisresidence.ro\/en\/wp-json\/wp\/v2\/pages\/208\/revisions\/1931"}],"wp:featuredmedia":[{"embeddable":true,"href":"https:\/\/logisresidence.ro\/en\/wp-json\/wp\/v2\/media\/830"}],"wp:attachment":[{"href":"https:\/\/logisresidence.ro\/en\/wp-json\/wp\/v2\/media?parent=208"}],"curies":[{"name":"wp","href":"https:\/\/api.w.org\/{rel}","templated":true}]}}